{"id":388,"date":"2022-09-30T13:26:09","date_gmt":"2022-09-30T11:26:09","guid":{"rendered":"https:\/\/www.capacity-logistics.com\/contact\/"},"modified":"2024-04-16T09:08:15","modified_gmt":"2024-04-16T07:08:15","slug":"contact","status":"publish","type":"page","link":"https:\/\/www.capacity-logistics.com\/fr\/contact\/","title":{"rendered":"Contact"},"content":{"rendered":"<section class=\"l-section wpb_row us_custom_942290d8 height_small with_video\"><div id=\"us_bg_video_t8d3\" class=\"l-section-video\"><script id=\"us_bg_video_t8d3-script\">!function(w){var node = document.getElementById( 'us_bg_video_t8d3' );if ( w.innerWidth <= 1 ) { node.remove() }}(window);<\/script><style>@media(max-width:1px){#us_bg_video_t8d3{display:none!important}}<\/style><video  autoplay loop muted playsinline preload=\"auto\" tabindex=\"-1\"><source type=\"video\/mp4\" src=\"https:\/\/garzialogistica.solbyte.dev\/wp-content\/uploads\/2024\/04\/vid-garzia-1080.mp4\" \/><\/video><\/div><div class=\"l-section-overlay\" style=\"background:rgba(0,0,0,0.65)\"><\/div><div class=\"l-section-h i-cf\"><div class=\"g-cols vc_row via_flex valign_middle type_default stacking_default\"><div class=\"vc_col-sm-12 wpb_column vc_column_container\"><div class=\"vc_column-inner\"><div class=\"wpb_wrapper\"><div class=\"w-separator size_huge\"><\/div><div class=\"w-separator size_huge\"><\/div><div class=\"g-cols wpb_row via_flex valign_bottom type_default stacking_default\" style=\"--additional-gap:1.5rem;\"><div class=\"vc_col-sm-8 wpb_column vc_column_container\"><div class=\"vc_column-inner\"><div class=\"wpb_wrapper\"><div class=\"w-hwrapper us_custom_208c5fa2 valign_top align_none\" style=\"--hwrapper-gap:0.8rem\"><div class=\"wpb_text_column us_custom_0c87e2e8 has_text_color\"><div class=\"wpb_wrapper\"><p>Totale<\/p>\n<\/div><\/div><p class=\"w-itext us_custom_9f330799 has_text_color type_typingChars align_none\" onclick='return {&quot;duration&quot;:150,&quot;delay&quot;:2500,&quot;disablePartAnimation&quot;:false,&quot;html_nbsp_char&quot;:true}'><span class=\"w-itext-part changesat_0 changesat_1 changesat_2 dynamic\" onclick='return [&quot;capacit\\u00e9&quot;,&quot;fiabilit\\u00e9&quot;,&quot;engagement&quot;]'><span>capacit&eacute;<\/span><i class=\"w-itext-cursor\"><\/i><\/span><\/p><\/div><div class=\"wpb_text_column us_custom_ed05b3dd has_text_color\"><div class=\"wpb_wrapper\"><h1>Des solutions pour vos besoins de transport<\/h1>\n<\/div><\/div><\/div><\/div><\/div><div class=\"vc_col-sm-4 wpb_column vc_column_container\"><div class=\"vc_column-inner\"><div class=\"wpb_wrapper\"><div class=\"w-hwrapper us_custom_5ad48740 has_text_color valign_top align_right\" style=\"--hwrapper-gap:0.8rem\"><div class=\"w-btn-wrapper align_none\"><a class=\"w-btn us-btn-style_4\" href=\"https:\/\/www.capacity-logistics.com\/fr\/services-de-transport-routier-de-marchandises\/\"><span class=\"w-btn-label\">Prestations de service<\/span><\/a><\/div><div class=\"w-btn-wrapper align_none\"><a class=\"w-btn us-btn-style_4\" href=\"https:\/\/www.capacity-logistics.com\/fr\/a-propos-de-capacity-logistics\/\"><span class=\"w-btn-label\">\u00c0 propos de nous<\/span><\/a><\/div><\/div><\/div><\/div><\/div><\/div><\/div><\/div><\/div><\/div><\/div><\/section><section class=\"l-section wpb_row height_medium\"><div class=\"l-section-h i-cf\"><div class=\"g-cols vc_row via_flex valign_middle type_default stacking_default\" style=\"--additional-gap:1.5rem;\"><div class=\"vc_col-sm-5 wpb_column vc_column_container\"><div class=\"vc_column-inner us_custom_99f74c2c\"><div class=\"wpb_wrapper\"><div class=\"w-hwrapper us_custom_41596815 wrapperImg valign_top align_none\" style=\"--hwrapper-gap:0rem\"><div class=\"w-image imgZoom hide_on_default hide_on_laptops hide_on_tablets hide_on_mobiles has_ratio align_center\"><div class=\"w-image-h\"><div style=\"padding-bottom:100%\"><\/div><img decoding=\"async\" width=\"780\" height=\"585\" src=\"https:\/\/www.capacity-logistics.com\/wp-content\/uploads\/2024\/04\/image3jpg.jpg\" class=\"attachment-large size-large\" alt=\"\" loading=\"lazy\" \/><\/div><\/div><div class=\"w-html imgZoomyy\"><iframe src=\"https:\/\/www.google.com\/maps\/embed?pb=!1m18!1m12!1m3!1d23755.690200916913!2d2.8068685074776067!3d41.90444167094438!2m3!1f0!2f0!3f0!3m2!1i1024!2i768!4f13.1!3m3!1m2!1s0x12bae11b995c80ff:0xd5f511c67351e152!2sCapacity Logistics!5e0!3m2!1ses!2ses!4v1712903510750!5m2!1ses!2ses\" width=\"600\" height=\"450\" style=\"border:0;\" allowfullscreen=\"\" loading=\"lazy\" referrerpolicy=\"no-referrer-when-downgrade\"><\/iframe><\/div><\/div><\/div><\/div><\/div><div class=\"vc_col-sm-7 wpb_column vc_column_container  has_bg_color stretched\"><div class=\"vc_column-inner us_custom_cecb6181 us_animate_this\"><div class=\"wpb_wrapper\"><div class=\"wpb_text_column us_custom_3b147a65 has_text_color\"><div class=\"wpb_wrapper\"><p>Contact<\/p>\n<\/div><\/div><div class=\"wpb_text_column us_custom_ed05b3dd has_text_color\"><div class=\"wpb_wrapper\"><h2>Contactez-nous et commen\u00e7ons \u00e0 travailler maintenant<\/h2>\n<\/div><\/div><div class=\"w-separator size_small\"><\/div><div class=\"wpb_text_column us_custom_6df4bc3a has_text_color\"><div class=\"wpb_wrapper\"><p>Nos vastes capacit\u00e9s de logistique et de transport peuvent faire passer votre entreprise au niveau sup\u00e9rieur. Faites confiance aux itin\u00e9raires les plus s\u00fbrs et les plus efficaces. Remplissez le formulaire et contactez-nous pour plus d&rsquo;informations.<\/p>\n<\/div><\/div><div class=\"w-separator size_small\"><\/div>\n<div class=\"wpcf7 no-js\" id=\"wpcf7-f409-o1\" lang=\"fr-FR\" dir=\"ltr\" data-wpcf7-id=\"409\">\n<div class=\"screen-reader-response\"><p role=\"status\" aria-live=\"polite\" aria-atomic=\"true\"><\/p> <ul><\/ul><\/div>\n<form action=\"\/fr\/wp-json\/wp\/v2\/pages\/388#wpcf7-f409-o1\" method=\"post\" class=\"wpcf7-form init\" aria-label=\"Formulaire de contact\" novalidate=\"novalidate\" data-status=\"init\">\n<fieldset class=\"hidden-fields-container\"><input type=\"hidden\" name=\"_wpcf7\" value=\"409\" \/><input type=\"hidden\" name=\"_wpcf7_version\" value=\"6.1.5\" \/><input type=\"hidden\" name=\"_wpcf7_locale\" value=\"fr_FR\" \/><input type=\"hidden\" name=\"_wpcf7_unit_tag\" value=\"wpcf7-f409-o1\" \/><input type=\"hidden\" name=\"_wpcf7_container_post\" value=\"0\" \/><input type=\"hidden\" name=\"_wpcf7_posted_data_hash\" value=\"\" \/><input type=\"hidden\" name=\"_wpcf7_recaptcha_response\" value=\"\" \/>\n<\/fieldset>\n<div class=\"row\">\n<div class=\"col-xs-3\"><div class=\"form-group\"><label for=\"nombre\"><span class=\"label\">Nom<\/span><span class=\"wpcf7-form-control-wrap\" data-name=\"nombre\"><input size=\"40\" maxlength=\"400\" class=\"wpcf7-form-control wpcf7-text wpcf7-validates-as-required\" id=\"nombre\" aria-required=\"true\" aria-invalid=\"false\" placeholder=\"Nom\" value=\"\" type=\"text\" name=\"nombre\" \/><\/span><\/label><\/div><\/div>\n<div class=\"col-xs-3\"><div class=\"form-group\"><label for=\"telefono\"><span class=\"label\">T\u00e9l\u00e9phone<\/span><span class=\"wpcf7-form-control-wrap\" data-name=\"telefono\"><input size=\"40\" maxlength=\"400\" class=\"wpcf7-form-control wpcf7-tel wpcf7-validates-as-required wpcf7-text wpcf7-validates-as-tel\" id=\"telefono\" aria-required=\"true\" aria-invalid=\"false\" placeholder=\"T\u00e9l\u00e9phone\" value=\"\" type=\"tel\" name=\"telefono\" \/><\/span><\/label><\/div><\/div>\n<div class=\"col-xs-3\"><div class=\"form-group\"><label for=\"email\"><span class=\"label\">E-mail<\/span><span class=\"wpcf7-form-control-wrap\" data-name=\"email\"><input size=\"40\" maxlength=\"400\" class=\"wpcf7-form-control wpcf7-email wpcf7-validates-as-required wpcf7-text wpcf7-validates-as-email\" id=\"email\" aria-required=\"true\" aria-invalid=\"false\" placeholder=\"E-mail\" value=\"\" type=\"email\" name=\"email\" \/><\/span><\/label><\/div><\/div>\n<div class=\"col-xs-3 desktop\"><div class=\"block-submit\" style=\"display: flex; flex-direction: row-reverse;\"><input class=\"wpcf7-form-control wpcf7-submit has-spinner\" id=\"form-contact\" type=\"submit\" value=\"Envoyer\" \/><\/div><\/div>\n<\/div>\n\n<div class=\"row\">\n<div class=\"col-xs-12\"><div class=\"form-group\" style=\"font-size:14px; display: flex;\">\n<span class=\"wpcf7-form-control-wrap\" data-name=\"legal\"><span class=\"wpcf7-form-control wpcf7-acceptance\"><span class=\"wpcf7-list-item\"><label><input type=\"checkbox\" name=\"legal\" value=\"1\" aria-invalid=\"false\" \/><span class=\"wpcf7-list-item-label\">Vous acceptez notre <a target=\"_blank\" rel=\"nofollow\" href=\"https:\/\/www.capacity-logistics.com\/fr\/politique-de-confidentialite\/\">politique de confidentialit\u00e9<\/a>.<\/span><\/label><\/span><\/span><\/span>\n<\/div><\/div>\n\n<div class=\"col-xs-3 mobile\"><div class=\"block-submit\" style=\"display: flex; flex-direction: row-reverse;\"><input class=\"wpcf7-form-control wpcf7-submit has-spinner\" type=\"submit\" value=\"Envoyer\" \/><\/div><\/div>\n\n<\/div><div class=\"wpcf7-response-output\" aria-hidden=\"true\"><\/div>\n<\/form>\n<\/div>\n<\/div><\/div><\/div><\/div><\/div><\/section><section class=\"l-section wpb_row height_medium\"><div class=\"l-section-h i-cf\"><div class=\"g-cols vc_row via_flex valign_top type_default stacking_default\"><div class=\"vc_col-sm-12 wpb_column vc_column_container\"><div class=\"vc_column-inner\"><div class=\"wpb_wrapper\"><div class=\"w-hwrapper valign_top wrap align_center\" style=\"--hwrapper-gap:0rem\"><div class=\"wpb_text_column us_custom_fc19320f contact-block has_text_color\"><div class=\"wpb_wrapper\"><h3>&#8211; Direction Operations \/ Technique:<\/h3>\n<p><strong>John Da silva<\/strong><br \/>\nTel : <a href=\"tel:+34930155473\">+34 930 155 473<\/a><br \/>\nGsm : <a href=\"tel:+34661908207\">+34 661 908 207<\/a><br \/>\nMail : <a href=\"mailto:john.dasilva@capacity-logistics.com\">john.dasilva@capacity-logistics.com<\/a><\/p>\n<\/div><\/div><div class=\"wpb_text_column us_custom_fc19320f contact-block has_text_color\"><div class=\"wpb_wrapper\"><h3>&#8211; Suivi client:<\/h3>\n<p><strong>Agnes Gorge<\/strong><br \/>\nTel : <a href=\"tel:+34930155473\">+34 930 155 473<\/a><br \/>\nGsm : <a href=\"tel:+34659859191\">+34 659 859 191<\/a><br \/>\nMail : <a href=\"mailto:agnes.gorge@capacity-logistics.com\">agnes.gorge@capacity-logistics.com<\/a><\/p>\n<\/div><\/div><div class=\"wpb_text_column us_custom_fc19320f contact-block has_text_color\"><div class=\"wpb_wrapper\"><h3>&#8211; Commerce \/ Administraci\u00f3n:<\/h3>\n<p><strong>Thibault Mourichoux<\/strong><br \/>\nTel : <a href=\"tel:+34930155473\">+34 930 155 473<\/a><br \/>\nGsm : <a href=\"tel:+34659859191\">+34 659 859 191<\/a><br \/>\nMail : <a href=\"mailto:thibault.mourichoux@capacity-logistics.com\">thibault.mourichoux@capacity-logistics.com<\/a><\/p>\n<\/div><\/div><div class=\"wpb_text_column us_custom_fc19320f contact-block has_text_color\"><div class=\"wpb_wrapper\"><h3>&#8211; Facturation \/ Pod \/ Doc:<\/h3>\n<p><strong>Helene Alves<\/strong><br \/>\nTel : <a href=\"tel:+34930155473\">+34 930 155 473<\/a><br \/>\nMail : <a href=\"mailto:facturacion@capacity-logistics.com\">facturacion@capacity-logistics.com<\/a><\/p>\n<\/div><\/div><\/div><\/div><\/div><\/div><\/div><\/div><\/section><section class=\"l-section wpb_row height_auto\"><div class=\"l-section-h i-cf\"><div class=\"g-cols vc_row via_flex valign_top type_default stacking_default\"><div class=\"vc_col-sm-12 wpb_column vc_column_container\"><div class=\"vc_column-inner\"><div class=\"wpb_wrapper\"><div class=\"w-separator size_medium\"><\/div><div class=\"w-separator size_medium\"><\/div><\/div><\/div><\/div><\/div><\/div><\/section>\n","protected":false},"excerpt":{"rendered":"Totale capacit&eacute;Des solutions pour vos besoins de transport Prestations de service\u00c0 propos de nousContact Contactez-nous et commen\u00e7ons \u00e0 travailler maintenant Nos vastes capacit\u00e9s de logistique et de transport peuvent faire passer votre entreprise au niveau sup\u00e9rieur. Faites confiance aux itin\u00e9raires les plus s\u00fbrs et les plus efficaces. Remplissez le formulaire et contactez-nous pour plus d&rsquo;informations....","protected":false},"author":1,"featured_media":0,"parent":0,"menu_order":0,"comment_status":"closed","ping_status":"closed","template":"","meta":{"_acf_changed":false,"footnotes":""},"class_list":["post-388","page","type-page","status-publish","hentry"],"acf":[],"yoast_head":"<!-- This site is optimized with the Yoast SEO plugin v27.4 - https:\/\/yoast.com\/product\/yoast-seo-wordpress\/ -->\n<title>Contact - Capacity Logistics<\/title>\n<meta name=\"robots\" content=\"index, follow, max-snippet:-1, max-image-preview:large, max-video-preview:-1\" \/>\n<link rel=\"canonical\" href=\"https:\/\/www.capacity-logistics.com\/fr\/contact\/\" \/>\n<meta property=\"og:locale\" content=\"fr_FR\" \/>\n<meta property=\"og:type\" content=\"article\" \/>\n<meta property=\"og:title\" content=\"Contact - Capacity Logistics\" \/>\n<meta property=\"og:url\" content=\"https:\/\/www.capacity-logistics.com\/fr\/contact\/\" \/>\n<meta property=\"og:site_name\" content=\"Capacity Logistics\" \/>\n<meta property=\"article:modified_time\" content=\"2024-04-16T07:08:15+00:00\" \/>\n<meta name=\"twitter:card\" content=\"summary_large_image\" \/>\n<meta name=\"twitter:label1\" content=\"Dur\u00e9e de lecture estim\u00e9e\" \/>\n\t<meta name=\"twitter:data1\" content=\"1 minute\" \/>\n<script type=\"application\/ld+json\" class=\"yoast-schema-graph\">{\"@context\":\"https:\\\/\\\/schema.org\",\"@graph\":[{\"@type\":\"WebPage\",\"@id\":\"https:\\\/\\\/www.capacity-logistics.com\\\/fr\\\/contact\\\/\",\"url\":\"https:\\\/\\\/www.capacity-logistics.com\\\/fr\\\/contact\\\/\",\"name\":\"Contact - Capacity Logistics\",\"isPartOf\":{\"@id\":\"https:\\\/\\\/www.capacity-logistics.com\\\/fr\\\/#website\"},\"datePublished\":\"2022-09-30T11:26:09+00:00\",\"dateModified\":\"2024-04-16T07:08:15+00:00\",\"breadcrumb\":{\"@id\":\"https:\\\/\\\/www.capacity-logistics.com\\\/fr\\\/contact\\\/#breadcrumb\"},\"inLanguage\":\"fr-FR\",\"potentialAction\":[{\"@type\":\"ReadAction\",\"target\":[\"https:\\\/\\\/www.capacity-logistics.com\\\/fr\\\/contact\\\/\"]}]},{\"@type\":\"BreadcrumbList\",\"@id\":\"https:\\\/\\\/www.capacity-logistics.com\\\/fr\\\/contact\\\/#breadcrumb\",\"itemListElement\":[{\"@type\":\"ListItem\",\"position\":1,\"name\":\"Portada\",\"item\":\"https:\\\/\\\/www.capacity-logistics.com\\\/fr\\\/\"},{\"@type\":\"ListItem\",\"position\":2,\"name\":\"Contact\"}]},{\"@type\":\"WebSite\",\"@id\":\"https:\\\/\\\/www.capacity-logistics.com\\\/fr\\\/#website\",\"url\":\"https:\\\/\\\/www.capacity-logistics.com\\\/fr\\\/\",\"name\":\"Capacity Logistics\",\"description\":\"Transporte de mercanc\u00edas por carretera\",\"potentialAction\":[{\"@type\":\"SearchAction\",\"target\":{\"@type\":\"EntryPoint\",\"urlTemplate\":\"https:\\\/\\\/www.capacity-logistics.com\\\/fr\\\/?s={search_term_string}\"},\"query-input\":{\"@type\":\"PropertyValueSpecification\",\"valueRequired\":true,\"valueName\":\"search_term_string\"}}],\"inLanguage\":\"fr-FR\"}]}<\/script>\n<!-- \/ Yoast SEO plugin. -->","yoast_head_json":{"title":"Contact - Capacity Logistics","robots":{"index":"index","follow":"follow","max-snippet":"max-snippet:-1","max-image-preview":"max-image-preview:large","max-video-preview":"max-video-preview:-1"},"canonical":"https:\/\/www.capacity-logistics.com\/fr\/contact\/","og_locale":"fr_FR","og_type":"article","og_title":"Contact - Capacity Logistics","og_url":"https:\/\/www.capacity-logistics.com\/fr\/contact\/","og_site_name":"Capacity Logistics","article_modified_time":"2024-04-16T07:08:15+00:00","twitter_card":"summary_large_image","twitter_misc":{"Dur\u00e9e de lecture estim\u00e9e":"1 minute"},"schema":{"@context":"https:\/\/schema.org","@graph":[{"@type":"WebPage","@id":"https:\/\/www.capacity-logistics.com\/fr\/contact\/","url":"https:\/\/www.capacity-logistics.com\/fr\/contact\/","name":"Contact - Capacity Logistics","isPartOf":{"@id":"https:\/\/www.capacity-logistics.com\/fr\/#website"},"datePublished":"2022-09-30T11:26:09+00:00","dateModified":"2024-04-16T07:08:15+00:00","breadcrumb":{"@id":"https:\/\/www.capacity-logistics.com\/fr\/contact\/#breadcrumb"},"inLanguage":"fr-FR","potentialAction":[{"@type":"ReadAction","target":["https:\/\/www.capacity-logistics.com\/fr\/contact\/"]}]},{"@type":"BreadcrumbList","@id":"https:\/\/www.capacity-logistics.com\/fr\/contact\/#breadcrumb","itemListElement":[{"@type":"ListItem","position":1,"name":"Portada","item":"https:\/\/www.capacity-logistics.com\/fr\/"},{"@type":"ListItem","position":2,"name":"Contact"}]},{"@type":"WebSite","@id":"https:\/\/www.capacity-logistics.com\/fr\/#website","url":"https:\/\/www.capacity-logistics.com\/fr\/","name":"Capacity Logistics","description":"Transporte de mercanc\u00edas por carretera","potentialAction":[{"@type":"SearchAction","target":{"@type":"EntryPoint","urlTemplate":"https:\/\/www.capacity-logistics.com\/fr\/?s={search_term_string}"},"query-input":{"@type":"PropertyValueSpecification","valueRequired":true,"valueName":"search_term_string"}}],"inLanguage":"fr-FR"}]}},"_links":{"self":[{"href":"https:\/\/www.capacity-logistics.com\/fr\/wp-json\/wp\/v2\/pages\/388","targetHints":{"allow":["GET"]}}],"collection":[{"href":"https:\/\/www.capacity-logistics.com\/fr\/wp-json\/wp\/v2\/pages"}],"about":[{"href":"https:\/\/www.capacity-logistics.com\/fr\/wp-json\/wp\/v2\/types\/page"}],"author":[{"embeddable":true,"href":"https:\/\/www.capacity-logistics.com\/fr\/wp-json\/wp\/v2\/users\/1"}],"replies":[{"embeddable":true,"href":"https:\/\/www.capacity-logistics.com\/fr\/wp-json\/wp\/v2\/comments?post=388"}],"version-history":[{"count":11,"href":"https:\/\/www.capacity-logistics.com\/fr\/wp-json\/wp\/v2\/pages\/388\/revisions"}],"predecessor-version":[{"id":474,"href":"https:\/\/www.capacity-logistics.com\/fr\/wp-json\/wp\/v2\/pages\/388\/revisions\/474"}],"wp:attachment":[{"href":"https:\/\/www.capacity-logistics.com\/fr\/wp-json\/wp\/v2\/media?parent=388"}],"curies":[{"name":"wp","href":"https:\/\/api.w.org\/{rel}","templated":true}]}}